{"id":2969,"date":"2018-08-02T17:19:51","date_gmt":"2018-08-02T15:19:51","guid":{"rendered":"http:\/\/artioli.testmeup.com\/?page_id=2969"},"modified":"2026-02-27T11:02:08","modified_gmt":"2026-02-27T10:02:08","slug":"cookie-policy","status":"publish","type":"page","link":"https:\/\/artioli.com\/it\/cookie-policy\/","title":{"rendered":"Cookie Policy"},"content":{"rendered":"<p><div class=\"fusion-fullwidth fullwidth-box nonhundred-percent-fullwidth non-hundred-percent-height-scrolling\"  style='background-color: rgba(255,255,255,0);background-position: center center;background-repeat: no-repeat;padding-top:0px;padding-right:0px;padding-bottom:0px;padding-left:0px;'><div class=\"fusion-builder-row fusion-row \"><div  class=\"fusion-layout-column fusion_builder_column fusion_builder_column_1_1  fusion-one-full fusion-column-first fusion-column-last 1_1\"  style='margin-top:0px;margin-bottom:0px;'>\n\t\t\t\t\t<div class=\"fusion-column-wrapper\" style=\"padding: 0px 0px 0px 0px;background-position:left top;background-repeat:no-repeat;-webkit-background-size:cover;-moz-background-size:cover;-o-background-size:cover;background-size:cover;\"  data-bg-url=\"\">\n\t\t\t\t\t\t<div class=\"fusion-text\"><h4><strong>Informativa su cookies, pixel e plug-in Social<\/strong><\/h4>\n<h4><strong>In merito alla presente Informativa<\/strong><\/h4>\n<ul>\n<li>Il presente documento \u00e8 l\u2019informativa su cookie, pixel e social plug-in (\u201cInformativa\u201d) di CALZATURIFICIO STAR S.P.A. , Via Oslavia 3 21049 Tradate, (\u201cCALZATURIFICIO STAR\u201d, \u201cnoi\u201d, \u201cci\u201d, \u201cnostro\/a\/i\/e\u201d). CALZATURIFICIO STAR \u00e8 il titolare del trattamento dei dati ai fini della presente Informativa.<\/li>\n<li>La presente Informativa fornisce informazioni in merito all\u2019uso da parte nostra di cookie, pixel e social plug-in in relazione all\u2019uso e all\u2019interazione da parte sua con il presente sito internet o con qualsiasi altro punto di contatto online da noi gestito, inclusi, ma non solo, i nostri profili social media e le nostre applicazioni (collettivamente denominati \u201c<strong>Sito internet<\/strong>\u201d).<\/li>\n<li>Qualsiasi modifica che apporteremo alla nostra Informativa sui cookie sar\u00e0 pubblicato sulla presente pagina.<\/li>\n<\/ul>\n<h4><strong>Cosa sono i cookie, quali utilizziamo e come pu\u00f2 disabilitarli (opt-out)?<\/strong><\/h4>\n<p>Un cookie \u00e8 un piccolo frammento di dato inviato da un sito internet e memorizzato sul computer o il dispositivo mobile dell\u2019utente dal web browser dell\u2019utente, mentre questi sta navigando. I cookie sono stati concepiti per essere un meccanismo affidabile per permettere ai siti internet di ricordare informazioni (come ad esempio prodotti aggiunti al carrello degli acquisti) o per registrare l\u2019attivit\u00e0 di navigazione dell\u2019utente (inclusi il cliccare tasti particolari, fare il login, o registrare quali pagine sono state visitate in passato). Possono anche essere utilizzati per memorizzare parti arbitrarie di informazioni precedentemente inserite dall\u2019utente nei campi di un modulo, come ad esempio nomi, indirizzi, password e numeri di carte di credito.<\/p>\n<p>Come molti altri siti internet, anche noi utilizziamo dei cookie sul nostro sito. Cookie diversi hanno finalit\u00e0 diverse, cos\u00ec come anche una diversa durata di vita. La durata di vita di un cookie determina per quanto tempo un cookie rimane sul suo computer prima che si elimini da s\u00e9.<\/p>\n<p>I browser possono accettare o rifiutare i cookie automaticamente, ma le permettono di modificare queste impostazioni. Il menu Aiuto che si trova nella maggior parte dei browser le spiegher\u00e0 in che modo modificare l\u2019impostazione del suo browser per quanto concerne i cookie, in che modo ottenere una notifica dal browser quando riceve un nuovo cookie e in che modo disattivare tutti i cookie congiuntamente. Pu\u00f2 anche disattivare o cancellare i cookie da lei precedentemente accettati, se lo desidera. Per scoprire come gestire i cookie nei seguenti browser, clicchi sul link indicato:<\/p>\n<ul>\n<li style=\"list-style-type: none;\">\n<ul>\n<li style=\"list-style-type: none;\">\n<ul>\n<li><a href=\"https:\/\/support.google.com\/chrome\/answer\/95647?co=GENIE.Platform%3DDesktop&amp;hl=it\" target=\"_blank\" rel=\"noopener\">Google Chrome<\/a><\/li>\n<li><a href=\"http:\/\/windows.microsoft.com\/it-it\/internet-explorer\/delete-manage-cookies#ie=ie-10\" target=\"_blank\" rel=\"noopener\">Microsoft Internet Explorer<\/a><\/li>\n<li><a href=\"http:\/\/support.apple.com\/kb\/ph11920\" target=\"_blank\" rel=\"noopener\">Apple Safari<\/a><\/li>\n<li><a href=\"http:\/\/support.mozilla.org\/it\/kb\/Eliminare%20i%20cookie\" target=\"_blank\" rel=\"noopener\">Mozilla Firefox<\/a><\/li>\n<li><a href=\"http:\/\/www.opera.com\/help\/tutorials\/security\/privacy\/\" target=\"_blank\" rel=\"noopener\">Opera<\/a><\/li>\n<\/ul>\n<\/li>\n<\/ul>\n<\/li>\n<\/ul>\n<p>Possiamo inoltre darle l\u2019opportunit\u00e0 di gestire l\u2019uso di determinate categorie di cookie direttamente sul presente Sito internet effettuando le rispettive scelte, fornendo:<\/p>\n<ul>\n<li>un banner sui cookie al momento della sua prima visita, che permette la gestione di determinate categorie di cookie;<\/li>\n<li>un link a un sito di terzi preposto alla gestione dei cookie utilizzati sul presente Sito internet, che permette la gestione di determinate categorie di cookie;<\/li>\n<li>una sottopagina preposta alla gestione dei cookie utilizzati sul presente Sito internet, che permette la gestione di determinate categorie di cookie; o<\/li>\n<li>opzioni interattive, ad esempio tasti, integrate nella presente Informativa, che permettono la gestione di determinate categorie di cookie.<\/li>\n<\/ul>\n<p>Oltre alle suddette opzioni, pu\u00f2 anche far capo ai seguenti siti internet di terzi per disabilitare (opt-out) cookie di pubblicit\u00e0 basata sugli interessi:<\/p>\n<ul>\n<li><a href=\"http:\/\/www.youronlinechoices.com\/uk\/your-ad-choices\">YourOnlineChoices<\/a><\/li>\n<li><a href=\"http:\/\/optout.networkadvertising.org\/?c=1#!\/\">NAI Network Advertising Initiative<\/a><\/li>\n<\/ul>\n<ul>\n<li style=\"list-style-type: none;\">\n<ul>\n<li>Sul presente Sito internet possiamo utilizzare i seguenti cookie, le seguenti categorie di cookie e altre tecnologie, ma non spyware, per le finalit\u00e0 indicate e, se del caso, distribuiti da o con l\u2019assistenza dei partner indicati:<\/li>\n<\/ul>\n<\/li>\n<\/ul>\n<p><strong>Cookie strettamente necessari<br \/>\n<\/strong>Si tratta di cookie necessari per il funzionamento del Sito internet e per permetterle di portare a compimento la sua richiesta di servizi. Essi includono, ad esempio, cookie che le permettono di accedere ad aree sicure del Sito internet.<\/p>\n<p><strong>Cookie funzionali<br \/>\n<\/strong>Questi cookie registrano informazioni in merito alle scelte da lei effettuate sul Sito internet, come ad esempio il suo nome utente, la lingua o la regione in cui si trova. In questo modo siamo in grado di personalizzare la sua visita al Sito internet.<\/p>\n<p><strong>Cookie dei social media<br \/>\n<\/strong>Questi cookie le permettono di condividere il contenuto del Sito internet con le piattaforme dei social media (ad es. Facebook, Twitter, Instagram). Non abbiamo alcun controllo su questi cookie, in quanto sono installati dalle piattaforme stesse dei social media. Consulti il sottostante paragrafo 3 in merito a pixel e social plug-in per saperne di pi\u00f9 riguardo al modo in cui i cookie dei social media sono utilizzati congiuntamente ai social plug-in.<\/p>\n<h4>Cookie di terze parti analitici<\/h4>\n<p>Questi cookie ci permettono di raccogliere informazioni in merito al modo in cui i visitatori usano il Sito internet, per esempio di contare i visitatori e vedere in che modo gli stessi si muovono all\u2019interno del Sito internet. Essi registrano la sua visita al Sito internet, le pagine che ha visitato e i link su cui ha cliccato. Questi cookie non raccolgono informazioni che la identificano; tutte le informazioni sono anonime. Ci\u00f2 ci aiuta a migliorare il modo in cui il Sito internet funziona.<\/p>\n<p>Possiamo servirci di Google Analytics, un servizio fornito da Google, Inc. (\u201c<strong>Google<\/strong>\u201d), per analizzare il suo utilizzo del Sito internet. Le informazioni generate da Google Analytics sono soggette alla policy sulla privacy e sui cookie di Google e saranno trasferite e memorizzate da Google su server negli USA. Prima del trasferimento le informazioni saranno anonimizzate, eliminando le ultime otto posizioni del suo indirizzo IP. In seguito, Google le tratter\u00e0 per nostro conto per valutare il suo utilizzo del Sito internet, per redigere rapporti in merito all\u2019attivit\u00e0 del Sito internet e per fornire altri servizi relativi all\u2019utilizzo di internet. Google non assocer\u00e0 il suo indirizzo IP a nessun altro dato in suo possesso. Tenga tuttavia presente che, se ha autorizzato Google ad associare la sua cronologia di navigazione in rete e sull\u2019app con il suo account Google e ha dato a Google il permesso di utilizzare le informazioni del suo account Google per personalizzare la pubblicit\u00e0, Google potr\u00e0 associare i cookie analitici e le informazioni raccolte con i medesimi alle informazioni del suo account Google. Pu\u00f2 rifiutare l\u2019utilizzo di cookie per le summenzionate finalit\u00e0 impostando conseguentemente il suo browser; tuttavia, in tal caso potr\u00e0 non essere in grado di utilizzare tutte le funzionalit\u00e0 del Sito internet. Pu\u00f2 inoltre disattivare la raccolta dei suoi dati di utilizzo (incluso il suo indirizzo IP) e il loro trattamento,\u00a0<a href=\"https:\/\/tools.google.com\/dlpage\/gaoptout?hl=it\">scaricando e installando l\u2019add-on<\/a>\u00a0per il suo attuale browser.<\/p>\n<p>Per maggiori informazioni in merito all\u2019utilizzo dei suoi dati da parte di Google.\u00a0<a href=\"https:\/\/support.google.com\/analytics\/answer\/6004245?hl=it\">visiti il sito internet di Google<\/a>. I cookie di Google Analytics utilizzati sul presente Sito internet sono:<\/p>\n<ul>\n<li style=\"list-style-type: none;\">\n<ul>\n<li>_ga: questo cookie contiene un valore unico per fare una distinzione tra i visitatori del sito internet e ha una durata di vita di 2 anni;<\/li>\n<li>_gid: questo cookie contiene un valore unico per fare una distinzione tra i visitatori e ha una durata di vita di 24 ore;<\/li>\n<li>_gat: questo cookie \u00e8 utilizzato per bloccare le richieste al server e ha una durata di vita di 10 minuti.<\/li>\n<\/ul>\n<\/li>\n<\/ul>\n<p><strong>Cosa sono i pixel e i social plug-in, quali utilizziamo e come pu\u00f2 disabilitarli?<\/strong><\/p>\n<p>Utilizziamo anche altre tecnologie sul nostro Sito internet, che permettono a noi e ai Fornitori di servizi terzi di offrirle un\u2019esperienza su internet pi\u00f9 personalizzata e coinvolgente, ad esempio offrendole pubblicit\u00e0 pi\u00f9 pertinenti per lei sui suoi canali dei social media, o permettendole di condividere le sue esperienze sul nostro Sito internet tramite i social media. Utilizziamo perci\u00f2 le seguenti tecnologie:<\/p>\n<ul>\n<li><strong>Facebook pixel<\/strong>. I Facebook pixel sono piccoli frammenti di software, \u201cpunti\u201d quasi invisibili delle dimensioni di un pixel sul nostro Sito internet, che creano un link tra la sua visita sul nostro Sito internet e Facebook. Quando il pixel sta caricando, Facebook installa sul suo computer un cosiddetto cookie \u201cfr\u201d, che aiuta Facebook a offrirle pi\u00f9 pubblicit\u00e0 personalizzata, ma anche a misurare e migliorare la pubblicit\u00e0. Questo cookie ha una durata di vita di 90 giorni. Maggiori informazioni in merito ai cookie di Facebook si possono trovare qui:\u00a0<a href=\"https:\/\/www.facebook.com\/policies\/cookies\/\">https:\/\/www.facebook.com\/policies\/cookies\/<\/a>. Consideri che, quando il cookie \u201cfr\u201d \u00e8 installato, Facebook \u00e8 in grado di tracciare il suo comportamento di navigazione attraverso altri siti internet che hanno applicato un Facebook pixel o un social plug-in di Facebook.<\/li>\n<li><strong>Social plug-in<\/strong>. I social plug-in sono piccoli frammenti di software, che creano un link tra la sua visita al nostro sito internet e la piattaforma dei social media di un Fornitore di servizi terzo. Il social plug-in comunicher\u00e0 al Fornitore di servizi terzo che lei ha visitato il nostro Sito internet e potr\u00e0 far ricevere al Fornitore di servizi terzo i cookie che questi ha installato in precedenza sul suo computer. Utilizziamo social plug-in dei seguenti Fornitori di servizi terzi:<\/li>\n<\/ul>\n<p>&nbsp;<\/p>\n<ul>\n<li>Facebook (<a href=\"https:\/\/developers.facebook.com\/docs\/plugins\">https:\/\/developers.facebook.com\/docs\/plugins<\/a>)<\/li>\n<li>Twitter (<a href=\"https:\/\/dev.twitter.com\/web\/overview\">https:\/\/dev.twitter.com\/web\/overview<\/a>)<\/li>\n<li>LinkedIn (<a href=\"https:\/\/developer.linkedin.com\/plugins\">https:\/\/developer.linkedin.com\/plugins<\/a>)<\/li>\n<li>Pinterest (<a href=\"https:\/\/help.pinterest.com\/en\/articles\/all-about-pinterest-browser-button#Web\">https:\/\/help.pinterest.com\/en\/articles\/all-about-pinterest-browser-button#Web<\/a>)<\/li>\n<li>Google (<a href=\"https:\/\/developers.google.com\/+\/web\/\">https:\/\/developers.google.com\/+\/web\/<\/a>)<\/li>\n<li>VK (<a href=\"https:\/\/vk.com\/dev\/widgets_for_sites\">https:\/\/vk.com\/dev\/widgets_for_sites<\/a>)<\/li>\n<li>Weibo (<a href=\"http:\/\/open.weibo.com\/widgets\">http:\/\/open.weibo.com\/widgets<\/a>)<\/li>\n<\/ul>\n<p>Clicchi sugli URL accanto a ciascun Fornitore di servizi terzo per avere maggiori informazioni in merito ai loro plug-in. Tenga in considerazione che non abbiamo alcun controllo sul modo in cui questi social plug-in funzionano, sui dati che raccolgono, o sull\u2019utilizzo di queste informazioni da parte del Fornitore di servizi terzo. Per maggiori informazioni sul modo in cui questi Fornitori di servizi terzi utilizzano i suoi dati personali raccolti tramite i loro social plug-in, vi rimandiamo alle loro rispettive policy sulla privacy.<\/p>\n<h4><strong>Su quale base trattiamo i dati raccolti?<\/strong><\/h4>\n<ul>\n<li style=\"list-style-type: none;\">\n<ul>\n<li>Per il trattamento dei suoi dati personali in base alle condizioni indicate nella presente Informativa sui cookie, ad eccezione tuttavia dei cookie assolutamente necessari e di quelli funzionali, chiediamo\u00a0<strong>il suo consenso<\/strong>.<\/li>\n<\/ul>\n<\/li>\n<\/ul>\n<h4><strong>Per quanto tempo trattiamo i dati raccolti?<\/strong><\/h4>\n<ul>\n<li style=\"list-style-type: none;\">\n<ul>\n<li>I suoi dati personali sono trattati solo per il tempo necessario a realizzare le finalit\u00e0 sopra descritte, o sino al momento in cui ritira il suo consenso al loro trattamento, salvo che noi o qualsiasi altro terzo abbia un interesse prevalente alla conservazione dei suoi dati personali identificabili, o quando vi \u00e8 un obbligo legale o regolamentare, o un ordine giudiziale o amministrativo, che ci impedisce di de-identificarli.<\/li>\n<\/ul>\n<\/li>\n<\/ul>\n<h4><strong>Chi ha accesso ai dati raccolti?<\/strong><\/h4>\n<ul>\n<li style=\"list-style-type: none;\">\n<ul>\n<li>Lei prende atto che il nostro utilizzo di cookie analitici, nonch\u00e9 dei social media, pu\u00f2 implicare che i Fornitori di servizi terzi di questi cookie possano ottenere determinate informazioni su di lei, ivi incluso sul suo comportamento di navigazione. Rinviamo alle informazioni fornite da questi Fornitori di servizi terzi per maggiori dettagli sul modo in cui gli stessi utilizzano i suoi dati personali.<\/li>\n<li>Ci avvaliamo di fornitori di servizi terzi, come ad esempio societ\u00e0 di web hosting, per il trattamento dei suoi dati personali per nostro conto e per metterle a disposizione il Sito internet.<\/li>\n<\/ul>\n<\/li>\n<\/ul>\n<h4><strong>A chi divulghiamo e trasferiamo i dati raccolti?<\/strong><\/h4>\n<ul>\n<li style=\"list-style-type: none;\">\n<ul>\n<li>Per l\u2019utilizzo illustrato dei cookie e di altre tecnologie da parte o con l\u2019assistenza dei partner menzionati, possiamo trasferire i suoi dati personali in paesi terzi, inclusi paesi che per le competenti autorit\u00e0 di regolamentazione non forniscono un adeguato livello di protezione dei dati, ad esempio in paesi che per la Commissione europea o l\u2019Incaricato federale della protezione dei dati non forniscono un tale livello. In tal caso, garantiamo la protezione appropriata od opportuna dei suoi dati personali, tramite l\u2019accettazione da parte del destinatario di obblighi contrattualmente vincolati conformemente agli standard applicabili approvati dalle competenti autorit\u00e0 di regolamentazione, o basandoci su altre garanzie, come ad esempio autocertificazioni approvate dalle competenti autorit\u00e0 di regolamentazione. Ci pu\u00f2 contattare per ulteriori informazioni in merito e\/o per avere una copia delle garanzie contrattuali e delle altre garanzie in essere per assicurare la protezione appropriata od opportuna dei suoi dati personali, qualora trasferiti in paesi che offrono un livello inferiore di protezione giuridica.<\/li>\n<\/ul>\n<\/li>\n<\/ul>\n<h4><strong>Quali sono i suoi diritti?\u00a0\u00a0\u00a0<\/strong><\/h4>\n<ul>\n<li style=\"list-style-type: none;\">\n<ul>\n<li>Lei ha il diritto:\n<ul>\n<li>di richiederci l\u2019accesso e la rettifica o la cancellazione dei dati personali che la concernono da noi trattati;<\/li>\n<li>di richiederci di limitare il trattamento dei dati personali che la concernono da noi trattati;<\/li>\n<li>di richiederci di fornire a lei, o a qualsiasi persona o soggetto da lei designato, un file digitale dei suoi dati personali da noi trattati (portabilit\u00e0 dei dati).<\/li>\n<\/ul>\n<\/li>\n<\/ul>\n<\/li>\n<\/ul>\n<ul>\n<li style=\"list-style-type: none;\">\n<ul>\n<li>Pu\u00f2 ritirare in qualsiasi momento il consenso da parte sua che ci permette di trattare i suoi dati personali per le finalit\u00e0 indicate.<\/li>\n<\/ul>\n<\/li>\n<\/ul>\n<ul>\n<li style=\"list-style-type: none;\">\n<ul>\n<li>Pu\u00f2 opporsi in qualsiasi momento al trattamento dei suoi dati personali per finalit\u00e0 di marketing diretto, ad esempio pu\u00f2 richiederci di interrompere l\u2019invio della nostra newsletter. In caso di e-mail di marketing diretto, pu\u00f2 ritirare il suo consenso tramite il link di rinuncia nell\u2019e-mail.<\/li>\n<\/ul>\n<\/li>\n<\/ul>\n<ul>\n<li style=\"list-style-type: none;\">\n<ul>\n<li>Ci pu\u00f2 contattare per esercitare i suddetti diritti (veda i sottostanti dati di contatto).<\/li>\n<\/ul>\n<\/li>\n<\/ul>\n<ul>\n<li style=\"list-style-type: none;\">\n<ul>\n<li>Lei ha anche il diritto di proporre un reclamo all\u2019autorit\u00e0 di controllo competente nella sua giurisdizione.<\/li>\n<\/ul>\n<\/li>\n<\/ul>\n<h4><strong>Come ci pu\u00f2 contattare?<\/strong><\/h4>\n<p>Per qualsiasi domanda o per esercitare i suoi diritti ci pu\u00f2 contattare nel seguente modo:<\/p>\n<p>Indirizzo postale:CALZATURIFICIO STAR,\u00a0Via Oslavia 3 21049 Tradate<\/p>\n<p>Indirizzo e-mail: info@artiolimilano.com<\/p>\n<\/div><div class=\"fusion-clearfix\"><\/div>\n\n\t\t\t\t\t<\/div>\n\t\t\t\t<\/div><\/div><\/div><\/p>","protected":false},"excerpt":{"rendered":"","protected":false},"author":1,"featured_media":0,"parent":0,"menu_order":0,"comment_status":"closed","ping_status":"closed","template":"","meta":{"footnotes":""},"class_list":["post-2969","page","type-page","status-publish","hentry"],"_links":{"self":[{"href":"https:\/\/artioli.com\/it\/wp-json\/wp\/v2\/pages\/2969","targetHints":{"allow":["GET"]}}],"collection":[{"href":"https:\/\/artioli.com\/it\/wp-json\/wp\/v2\/pages"}],"about":[{"href":"https:\/\/artioli.com\/it\/wp-json\/wp\/v2\/types\/page"}],"author":[{"embeddable":true,"href":"https:\/\/artioli.com\/it\/wp-json\/wp\/v2\/users\/1"}],"replies":[{"embeddable":true,"href":"https:\/\/artioli.com\/it\/wp-json\/wp\/v2\/comments?post=2969"}],"version-history":[{"count":7,"href":"https:\/\/artioli.com\/it\/wp-json\/wp\/v2\/pages\/2969\/revisions"}],"predecessor-version":[{"id":4185,"href":"https:\/\/artioli.com\/it\/wp-json\/wp\/v2\/pages\/2969\/revisions\/4185"}],"wp:attachment":[{"href":"https:\/\/artioli.com\/it\/wp-json\/wp\/v2\/media?parent=2969"}],"curies":[{"name":"wp","href":"https:\/\/api.w.org\/{rel}","templated":true}]}}