{"id":2974,"date":"2018-08-02T17:46:33","date_gmt":"2018-08-02T15:46:33","guid":{"rendered":"http:\/\/artioli.testmeup.com\/?page_id=2974"},"modified":"2018-08-02T17:47:26","modified_gmt":"2018-08-02T15:47:26","slug":"privacy-policy","status":"publish","type":"page","link":"https:\/\/artioli.com\/it\/privacy-policy\/","title":{"rendered":"Privacy Policy"},"content":{"rendered":"<h4>Privacy Policy<\/h4>\n<p><strong>Informativa di carattere generale<\/strong><\/p>\n<p>La presente Policy Privacy ha lo scopo di descrivere le modalit\u00e0 di trattamento dei dati personali degli utenti dei servizi CALZATURIFICIO STAR S.P.A.\u00a0 .<\/p>\n<p>Si tratta di un\u2019informativa resa a coloro che acquistano servizi CALZATURIFICIO STAR S.P.A. o si collegano al sito\u00a0<u>www.artiolimilano.com<\/u>\u00a0ed alle pagine o domini di terzo livello ad esso collegate. La procedura prevista dalla legislazione vigente prevede la tutela delle persone e di altri soggetti rispetto al trattamento dei dati personali; a tal riguardo desideriamo informare gli utenti che il \u201cRegolamento Europeo 2016\/679 relativo alla protezione delle persone fisiche con riguardo al Trattamento dei Dati Personali, nonch\u00e9 alla libera circolazione di tali dati\u201d (c.d. GDPR) prevede la protezione delle persone fisiche con riguardo al trattamento dei dati di carattere personale come diritto fondamentale.<\/p>\n<p>Ai sensi dell\u2019art. 13 del Regolamento (UE) 2016\/679, si informano gli utenti tale trattamento sar\u00e0 improntato ai principi di correttezza, liceit\u00e0 e trasparenza, tutelando la riservatezza e i diritti del sottoscrittore. Il trattamento dei dati personali che CALZATURIFICIO STAR S.P.A. intende effettuare \u00a0ha la finalit\u00e0 di concludere, gestire ed eseguire i contratti di fornitura dei servizi richiesti; di organizzare,\u00a0gestire ed eseguire la fornitura dei servizi anche mediante comunicazione dei dati a terzi fornitori o a societ\u00e0 del gruppo CALZATURIFICIO STAR S.P.A.; di assolvere agli obblighi di legge o agli altri adempimenti richiesti dalle competenti Autorit\u00e0. Il trattamento sar\u00e0 effettuato con le modalit\u00e0 informatizzate\/manuali; i dati raccolti saranno altres\u00ec utilizzati da CALZATURIFICIO STAR S.P.A. per l\u2019integrale e la corretta esecuzione del contratto e saranno resi conoscibili a terzi per la difesa dei diritti nonch\u00e9 in adempimento agli obblighi previsti dalla legge o dai regolamenti e su richiesta dalle competenti Autorit\u00e0, ed il loro trattamento sar\u00e0 improntato ai principi di correttezza, liceit\u00e0 e trasparenza tutelando la riservatezza e i diritti del Cliente e di terzi.<\/p>\n<p>Il titolare del trattamento \u00e8 CALZATURIFICIO STAR S.P.A.\u00a0 \u00a0con sede legale in Via Oslavia 3 21049 Tradate \u2013 Italia, la quale, a norma dell\u2019art. 29 del D.lgs. 196\/2003, ed in ottemperanza al Regolamento (UE) 2016\/679, non ha l\u2019obbligo di nomina del D.P.O.<\/p>\n<p>In ogni momento il Cliente potr\u00e0 rivolgersi al Titolare del trattamento (CALZATURIFICIO STAR S.P.A.\u00a0 ) contattando gli uffici del Titolare del trattamento per esercitare i propri diritti, cos\u00ec come previsto dalla legislazione vigente.<\/p>\n<p>Indirizzo Postale:\u00a0Via Oslavia 3 21049 Tradate, Italia<br \/>\nEmail: info@artiolimilano.com<\/p>\n<p><strong>Dati di navigazione e di accesso<\/strong><\/p>\n<p>I sistemi informatici e le procedure software preposte al funzionamento dei servizi CALZATURIFICIO STAR S.P.A.\u00a0 \u00a0acquisiscono, nel normale esercizio, alcuni dati personali che vengono trasmessi implicitamente nell\u2019uso di protocolli di comunicazione internet. Si tratta di dati relativi al traffico telematico che, per loro natura, non sono immediatamente associabili ad interessati identificati, ma che tramite elaborazioni o associazioni con dati detenuti da terzi, potrebbero permettere di identificare gli utenti\/visitatori del sito (es. indirizzi IP). Questi dati vengono utilizzati soltanto per informazioni statistiche anonime relative all\u2019utilizzo del servizio o per verificare la corretta funzionalit\u00e0 dello stesso. Tali dati sono conservati dalla CALZATURIFICIO STAR S.P.A.\u00a0 \u00a0per il periodo strettamente necessario e comunque in conformit\u00e0 alle vigenti disposizioni normative in materia. Il cliente prende espressamente atto dell\u2019esistenza del registro dei collegamenti (LOG-dati relativi al traffico telematico), compilato e conservato da CALZATURIFICIO STAR S.P.A.\u00a0 \u00a0nei termini e con le modalit\u00e0 stabilite dalla legge. Il predetto registro costituisce piena ed incontrovertibile prova dei fatti e degli atti compiuti dal Cliente medesimo di fronte a CALZATURIFICIO STAR S.P.A.\u00a0 \u00a0e\/o a Terzi; esso ha carattere di riservatezza assoluta e potr\u00e0 essere esibito e\/o fornito esclusivamente su richiesta dei Soggetti espressamente indicati dalla Legge. CALZATURIFICIO STAR S.P.A.\u00a0 adotta tutte le misure tecniche ed organizzative necessarie a garantire la riservatezza dei registri di collegamento.<\/p>\n<p><strong>Cookies<\/strong><\/p>\n<p>Sui siti web di CALZATURIFICIO STAR S.P.A.\u00a0 , ivi inclusi quelli sviluppati dalla stessa per conto dei Clienti, sono utilizzati dei \u201ccookies\u201d (marcatori temporanei) che permettono di accedere pi\u00f9 velocemente ai medesimi. Per \u201ccookie\u201d si intende un dato informativo, attivo solamente per la durata della singola sessione-utente, che sar\u00e0 trasmesso dal sito web al computer dell\u2019utilizzatore al fine di permetterne una rapida identificazione. L\u2019utilizzatore potr\u00e0 sempre richiedere la disattivazione dei cookies modificando le impostazioni del browser, tale disattivazione, per\u00f2, potr\u00e0 rallentare o impedire l\u2019accesso ad alcune parti del sito. I cookies di sessione utilizzati evitano il ricorso ad altre tecniche informatiche potenzialmente pregiudizievoli per la riservatezza della navigazione degli utenti e non consentono l\u2019acquisizione di dati personali identificativi dell\u2019utente.<\/p>\n<p><strong>Dati forniti dagli utenti<\/strong><\/p>\n<p>Qualora il Cliente intenda registrarsi nella banca dati di CALZATURIFICIO STAR S.P.A.\u00a0 , al fine di accedere ai servizi dalla stessa forniti, dovr\u00e0 compilare un \u201cform\u201d nel quale rilascer\u00e0 il proprio espresso consenso al trattamento dei dati. La comunicazione dei dati sar\u00e0 indispensabile ma non obbligatoria, e l\u2019eventuale rifiuto non avr\u00e0 alcuna conseguenza ma potr\u00e0 comportare il mancato puntuale adempimento delle obbligazioni assunte da CALZATURIFICIO STAR S.P.A.\u00a0 \u00a0per la fornitura del servizio richiesto.<\/p>\n<p><strong>Siti e servizi di Terzi<\/strong><\/p>\n<p>Sulle pagine web di CALZATURIFICIO STAR S.P.A.\u00a0 \u00a0si possono trovare collegamenti ipertestuali con altri siti web, proposti per fornire un migliore servizio ai propri utenti. CALZATURIFICIO STAR S.P.A.\u00a0 \u00a0non \u00e8 in alcun modo responsabile del contenuto dei siti web ai quali gli utenti dovessero eventualmente accedere tramite il proprio sito. L\u2019esistenza di un link verso un altro sito non sottintende quindi approvazione o accettazione di responsabilit\u00e0 da parte di CALZATURIFICIO STAR S.P.A.\u00a0 \u00a0circa il contenuto del nuovo sito cui si accede, anche in relazione alla politica adottata per il trattamento dei dati personali, nonch\u00e9 alla sua utilizzazione.<\/p>\n<p><strong>Sicurezza delle informazioni<\/strong><\/p>\n<p>Tutte le informazioni raccolte vengono memorizzate e mantenute in strutture sicure che limitano l\u2019accesso esclusivamente al personale autorizzato. I servizi vengono costantemente mantenuti per verificare l\u2019eventuale presenza di violazioni della sicurezza ed assicurare che tutte le informazioni raccolte siano al riparo da eventuali intrusioni di terzi che intendessero prenderne possesso senza autorizzazione. CALZATURIFICIO STAR S.P.A.\u00a0 \u00a0si attiene a tutte le misure di sicurezza descritte dalle leggi e dalle normative applicabili e vigenti nell\u2019Unione Europea, ed adotta tutte le misure adeguate secondo i criteri attualmente pi\u00f9 all\u2019avanguardia per assicurare e garantire la riservatezza dei dati personali degli utenti e ridurre al minimo, per quanto possibile, i pericoli costituiti dall\u2019accesso non autorizzato, dalla rimozione, perdita o dal danneggiamento dei dati personali degli utenti. Diritto di accesso ai dati personali ed altri diritti (Art. 7 D.Lgs 196\/2003 \u2013 DIR.95\/46\/CE): L\u2019interessato ha diritto di ottenere la conferma dell\u2019esistenza o meno di dati personali che lo riguardano, anche se non ancora registrati, e la loro comunicazione in forma intelligibile. L\u2019interessato ha diritto di ottenere l\u2019indicazione: a) dell\u2019origine dei dati personali; b) delle finalit\u00e0 e modalit\u00e0 del trattamento; c) della logica applicata in caso di trattamento effettuato con l\u2019ausilio di strumenti elettronici; d) degli estremi identificativi del titolare, dei responsabili e del rappresentante designato; e) dei soggetti o delle categorie di soggetti ai quali i dati personali possono essere comunicati o che possono venirne a conoscenza in qualit\u00e0 di rappresentante designato nel territorio dello Stato, di responsabili o incaricati. L\u2019interessato ha diritto di ottenere: a) l\u2019aggiornamento, la rettificazione ovvero, quando vi ha interesse, l\u2019integrazione dei dati; b) la cancellazione, la trasformazione in forma anonima o il blocco dei dati trattati in violazione di legge, compresi quelli di cui non \u00e8 necessaria la conservazione in relazione agli scopi per i quali i dati sono stati raccolti o successivamente trattati; c) l\u2019attenzione che le operazioni di cui alle lettere a) e b) sono state portate a conoscenza, anche per quanto riguarda il loro contenuto, di coloro ai quali i dati sono stati comunicati o diffusi, eccettuato il caso in cui tale adempimento si riveli impossibile o comporti un impiego di mezzi manifestatamente sproporzionati rispetto al diritto tutelato. L\u2019interessato ha diritto di opporsi, in tutto o in parte: a) per motivi legittimi al trattamento dei dati personali che lo riguardano, ancorch\u00e8 pertinenti allo scopo della raccolta; b) al trattamento di dati personali che lo riguardano a fini di invio di materiale pubblicitario o di vendita diretta o per il compimento di ricerche di mercato o di comunicazione commerciale. Contatti Tutte le richieste dovranno essere indirizzate a CALZATURIFICIO STAR S.P.A.\u00a0 \u00a0P.I. 00196350128, con sede legale in Via Oslavia 3 21049 Tradate.<\/p>\n<p><em>Questa pagina \u00e8 visibile, mediante link presente in tutte le pagine del Sito ai sensi dell\u2019art. 122 secondo comma del D.lgs. 196\/2003 e a seguito delle modalit\u00e0 semplificate per l\u2019informativa e l\u2019acquisizione del consenso per l\u2019uso dei cookie pubblicata sulla Gazzetta Ufficiale n.126 del 3 giugno 2014 e relativo registro dei provvedimenti n.229 dell\u20198 maggio 2014.<\/em><\/p>\n","protected":false},"excerpt":{"rendered":"<p> [&hellip;]<\/p>\n","protected":false},"author":1,"featured_media":0,"parent":0,"menu_order":0,"comment_status":"closed","ping_status":"closed","template":"","meta":{"footnotes":""},"class_list":["post-2974","page","type-page","status-publish","hentry"],"_links":{"self":[{"href":"https:\/\/artioli.com\/it\/wp-json\/wp\/v2\/pages\/2974","targetHints":{"allow":["GET"]}}],"collection":[{"href":"https:\/\/artioli.com\/it\/wp-json\/wp\/v2\/pages"}],"about":[{"href":"https:\/\/artioli.com\/it\/wp-json\/wp\/v2\/types\/page"}],"author":[{"embeddable":true,"href":"https:\/\/artioli.com\/it\/wp-json\/wp\/v2\/users\/1"}],"replies":[{"embeddable":true,"href":"https:\/\/artioli.com\/it\/wp-json\/wp\/v2\/comments?post=2974"}],"version-history":[{"count":2,"href":"https:\/\/artioli.com\/it\/wp-json\/wp\/v2\/pages\/2974\/revisions"}],"predecessor-version":[{"id":2976,"href":"https:\/\/artioli.com\/it\/wp-json\/wp\/v2\/pages\/2974\/revisions\/2976"}],"wp:attachment":[{"href":"https:\/\/artioli.com\/it\/wp-json\/wp\/v2\/media?parent=2974"}],"curies":[{"name":"wp","href":"https:\/\/api.w.org\/{rel}","templated":true}]}}