{"id":3993,"date":"2025-09-23T12:32:06","date_gmt":"2025-09-23T10:32:06","guid":{"rendered":"https:\/\/artioli.com\/?page_id=3993"},"modified":"2025-12-30T12:45:54","modified_gmt":"2025-12-30T11:45:54","slug":"artioli-mission","status":"publish","type":"page","link":"https:\/\/artioli.com\/it\/artioli-mission\/","title":{"rendered":"La missione di Artioli"},"content":{"rendered":"<p><div class=\"fusion-fullwidth fullwidth-box nonhundred-percent-fullwidth non-hundred-percent-height-scrolling fusion-equal-height-columns\"  style='background-color: #24292d;background-position: left top;background-repeat: no-repeat;padding-top:0px;padding-right:10%;padding-bottom:0px;padding-left:10%;border-top-width:0px;border-bottom-width:0px;border-color:#eae9e9;border-top-style:solid;border-bottom-style:solid;'><div class=\"fusion-builder-row fusion-row \"><div  class=\"fusion-layout-column fusion_builder_column fusion_builder_column_1_1  fusion-one-full fusion-column-first fusion-column-last 1_1\"  style='margin-top:0px;margin-bottom:0px;'>\n\t\t\t\t\t<div class=\"fusion-column-wrapper\" style=\"padding: 2% 2% 2% 2%;background-position:left top;background-repeat:no-repeat;-webkit-background-size:cover;-moz-background-size:cover;-o-background-size:cover;background-size:cover;\"  data-bg-url=\"\">\n\t\t\t\t\t\t<div class=\"fusion-text\"><h4 style=\"text-align: center;\">\u201cNel nostro piccolo, vogliamo migliorare la vita dei nostri clienti,<br \/>\nmettere la nostra professionalit\u00e0 al servizio dell&#8217;umanit\u00e0 per partecipare attivamente<br \/>\ncon la nostra esperienza offrendo un contributo evolutivo.\u201d<\/h4>\n<p style=\"text-align: center; padding-top: 30px;\">Andrea Artioli, CEO di Artioli<\/p>\n<\/div><div class=\"fusion-sep-clear\"><\/div><div class=\"fusion-separator sep-single sep-solid\" style=\"border-color:rgba(255,255,255,.2);border-top-width:1px;margin-top:30px;margin-bottom:50px;width:100%;max-width:170px;\"><\/div><div class=\"fusion-text\"><p>Questa filosofia va oltre il semplice lusso; incarna il potere trasformativo dell&#8217;arte. Riflette la convinzione che un oggetto ben realizzato possa infondere fiducia, esprimere individualit\u00e0 e migliorare la vita quotidiana.<\/p>\n<p>Artioli non si limita a vendere scarpe o accessori, ma offre un&#8217;esperienza, un legame profondo tra chi indossa il prodotto e l&#8217;artigianato. Ogni prodotto racchiude l&#8217;essenza di tecniche artigianali consolidate nel tempo, perfettamente integrate con la raffinatezza moderna. Ci\u00f2 garantisce che il lusso non sia solo uno status symbol, ma uno stile di vita raffinato, consapevole e duraturo.<\/p>\n<p>Al centro della missione di Artioli c&#8217;\u00e8 l&#8217;artigianato italiano, coltivato attraverso le generazioni e riconosciuto in tutto il mondo per la sua eccellenza. Ogni paio di scarpe italiane fatte a mano \u00e8 il risultato di una dedizione paziente, di una qualit\u00e0 senza compromessi e del rispetto per i materiali che rendono ogni creazione unica.<\/p>\n<p>La lavorazione di Artioli fonde tradizione e innovazione, unendo la classica arte calzaturiera al design contemporaneo. Questo impegno garantisce che ogni creazione non solo porti con s\u00e9 il peso della tradizione, ma abbracci anche lo spirito dell&#8217;eleganza moderna.<\/p>\n<p>Artioli non \u00e8 solo un simbolo del lusso italiano, ma anche una filosofia di vita: vivere con intenzione, camminare con eleganza e portare avanti valori che trascendono le generazioni.<\/p>\n<p>Il lusso non \u00e8 definito dall&#8217;eccesso, ma dal significato, dalla qualit\u00e0 che rimane a lungo dopo che le tendenze sono svanite. Artioli offre pi\u00f9 che calzature; offre un modo di essere: senza tempo, consapevole e profondamente umano.<\/p>\n<\/div><div class=\"fusion-clearfix\"><\/div>\n\n\t\t\t\t\t<\/div>\n\t\t\t\t<\/div><\/div><\/div><\/p>","protected":false},"excerpt":{"rendered":"","protected":false},"author":5,"featured_media":0,"parent":0,"menu_order":0,"comment_status":"closed","ping_status":"open","template":"100-width.php","meta":{"footnotes":""},"class_list":["post-3993","page","type-page","status-publish","hentry"],"_links":{"self":[{"href":"https:\/\/artioli.com\/it\/wp-json\/wp\/v2\/pages\/3993","targetHints":{"allow":["GET"]}}],"collection":[{"href":"https:\/\/artioli.com\/it\/wp-json\/wp\/v2\/pages"}],"about":[{"href":"https:\/\/artioli.com\/it\/wp-json\/wp\/v2\/types\/page"}],"author":[{"embeddable":true,"href":"https:\/\/artioli.com\/it\/wp-json\/wp\/v2\/users\/5"}],"replies":[{"embeddable":true,"href":"https:\/\/artioli.com\/it\/wp-json\/wp\/v2\/comments?post=3993"}],"version-history":[{"count":20,"href":"https:\/\/artioli.com\/it\/wp-json\/wp\/v2\/pages\/3993\/revisions"}],"predecessor-version":[{"id":4017,"href":"https:\/\/artioli.com\/it\/wp-json\/wp\/v2\/pages\/3993\/revisions\/4017"}],"wp:attachment":[{"href":"https:\/\/artioli.com\/it\/wp-json\/wp\/v2\/media?parent=3993"}],"curies":[{"name":"wp","href":"https:\/\/api.w.org\/{rel}","templated":true}]}}