{"id":4018,"date":"2025-10-13T14:22:07","date_gmt":"2025-10-13T12:22:07","guid":{"rendered":"https:\/\/artioli.com\/?page_id=4018"},"modified":"2025-12-30T12:35:23","modified_gmt":"2025-12-30T11:35:23","slug":"the-artioli-vision","status":"publish","type":"page","link":"https:\/\/artioli.com\/it\/the-artioli-vision\/","title":{"rendered":"La visione di Artioli"},"content":{"rendered":"<p><div class=\"fusion-fullwidth fullwidth-box nonhundred-percent-fullwidth non-hundred-percent-height-scrolling fusion-equal-height-columns\"  style='background-color: #24292d;background-position: left top;background-repeat: no-repeat;padding-top:0px;padding-right:10%;padding-bottom:0px;padding-left:10%;border-top-width:0px;border-bottom-width:0px;border-color:#eae9e9;border-top-style:solid;border-bottom-style:solid;'><div class=\"fusion-builder-row fusion-row \"><div  class=\"fusion-layout-column fusion_builder_column fusion_builder_column_1_1  fusion-one-full fusion-column-first fusion-column-last 1_1\"  style='margin-top:0px;margin-bottom:0px;'>\n\t\t\t\t\t<div class=\"fusion-column-wrapper\" style=\"padding: 2% 2% 2% 2%;background-position:left top;background-repeat:no-repeat;-webkit-background-size:cover;-moz-background-size:cover;-o-background-size:cover;background-size:cover;\"  data-bg-url=\"\">\n\t\t\t\t\t\t<div class=\"fusion-text\"><h4 style=\"text-align: center;\">\u201cEssere riconosciuti come un marchio leader di qualit\u00e0,<br \/>\nartigianalit\u00e0, originalit\u00e0 e innovazione stilistica,<br \/>\nrappresentativo del Made in Italy di eccellenza nel mondo,<br \/>\nrealizzando manufatti come vere opere d\u2019arte senza tempo,<br \/>\ncapaci di farci raggiungere successi e traguardi lontani.\u201d<\/h4>\n<p style=\"text-align: center; padding-top: 30px;\">Andrea Artioli, CEO di Artioli<\/p>\n<\/div><div class=\"fusion-sep-clear\"><\/div><div class=\"fusion-separator sep-single sep-solid\" style=\"border-color:rgba(255,255,255,.2);border-top-width:1px;margin-top:30px;margin-bottom:50px;width:100%;max-width:170px;\"><\/div><div class=\"fusion-text\"><p>La visione che ispira Artioli non \u00e8 quella di inseguire le tendenze, ma di coniugare estetica e comfort, restando profondamente radicata nel patrimonio e nei valori del marchio.<\/p>\n<p>Artioli aspira a elevare le proprie creazioni allo status di opere d\u2019arte da collezione, assicurando che ogni pezzo trascenda i cicli effimeri della moda per durare come simbolo di sofisticatezza ed eleganza.<\/p>\n<p>La visione di Artioli unisce tradizione e innovazione stilistica. Ogni paio di scarpe di lusso fatte a mano nasce da un sapere artigianale tramandato da generazioni, arricchito da tecniche e design all\u2019avanguardia.<\/p>\n<p>Gli stessi concetti si applicano anche a borse, accessori e giacche, garantendo coerenza e autenticit\u00e0 in ogni creazione. Questo equilibrio unico consente ad Artioli di rimanere fedele ai valori dell\u2019eccellenza Made in Italy, preservando al tempo stesso il futuro della moda di lusso.<\/p>\n<p>Le scarpe e gli accessori Artioli sono concepiti come oggetti che vanno oltre la funzionalit\u00e0: sono tesori di profonda cultura. Ogni creazione trasuda di storia, artigianalit\u00e0 e sensibilit\u00e0 artistica, diventando parte del lascito di chi le indossa. Attraverso modelli personalizzati e edizioni limitate, Artioli garantisce prodotti esclusivi, significativi e duraturi; custodi del vero lusso, non del lusso di massa prodotto in enormi quantit\u00e0. Creazioni pensate per accompagnare generazioni.<\/p>\n<p>Per Artioli, la crescita non riguarda la quantit\u00e0, ma la qualit\u00e0 e l\u2019autenticit\u00e0.<\/p>\n<p>Il marchio aspira a creare legami emotivi profondi con i propri clienti, intrecciando eredit\u00e0 culturale e raffinatezza contemporanea. Artioli incarna una visione avanzata e consapevole del lusso, dove ogni passo compiuto \u00e8 un passo verso un\u2019eleganza che dura nel tempo.<\/p>\n<\/div><div class=\"fusion-clearfix\"><\/div>\n\n\t\t\t\t\t<\/div>\n\t\t\t\t<\/div><\/div><\/div><\/p>","protected":false},"excerpt":{"rendered":"","protected":false},"author":5,"featured_media":0,"parent":0,"menu_order":0,"comment_status":"closed","ping_status":"open","template":"100-width.php","meta":{"footnotes":""},"class_list":["post-4018","page","type-page","status-publish","hentry"],"_links":{"self":[{"href":"https:\/\/artioli.com\/it\/wp-json\/wp\/v2\/pages\/4018","targetHints":{"allow":["GET"]}}],"collection":[{"href":"https:\/\/artioli.com\/it\/wp-json\/wp\/v2\/pages"}],"about":[{"href":"https:\/\/artioli.com\/it\/wp-json\/wp\/v2\/types\/page"}],"author":[{"embeddable":true,"href":"https:\/\/artioli.com\/it\/wp-json\/wp\/v2\/users\/5"}],"replies":[{"embeddable":true,"href":"https:\/\/artioli.com\/it\/wp-json\/wp\/v2\/comments?post=4018"}],"version-history":[{"count":4,"href":"https:\/\/artioli.com\/it\/wp-json\/wp\/v2\/pages\/4018\/revisions"}],"predecessor-version":[{"id":4022,"href":"https:\/\/artioli.com\/it\/wp-json\/wp\/v2\/pages\/4018\/revisions\/4022"}],"wp:attachment":[{"href":"https:\/\/artioli.com\/it\/wp-json\/wp\/v2\/media?parent=4018"}],"curies":[{"name":"wp","href":"https:\/\/api.w.org\/{rel}","templated":true}]}}