{"id":4034,"date":"2025-12-04T12:32:58","date_gmt":"2025-12-04T11:32:58","guid":{"rendered":"https:\/\/artioli.com\/?page_id=4034"},"modified":"2026-02-26T16:44:16","modified_gmt":"2026-02-26T15:44:16","slug":"the-artioli-logo","status":"publish","type":"page","link":"https:\/\/artioli.com\/it\/the-artioli-logo\/","title":{"rendered":"Il Logo Artioli"},"content":{"rendered":"<p><div class=\"fusion-fullwidth fullwidth-box nonhundred-percent-fullwidth non-hundred-percent-height-scrolling fusion-equal-height-columns\"  style='background-color: #24292d;background-position: left top;background-repeat: no-repeat;padding-top:0px;padding-right:10%;padding-bottom:0px;padding-left:10%;border-top-width:0px;border-bottom-width:0px;border-color:#eae9e9;border-top-style:solid;border-bottom-style:solid;'><div class=\"fusion-builder-row fusion-row \"><div  class=\"fusion-layout-column fusion_builder_column fusion_builder_column_1_1  fusion-one-full fusion-column-first fusion-column-last 1_1\"  style='margin-top:0px;margin-bottom:0px;'>\n\t\t\t\t\t<div class=\"fusion-column-wrapper\" style=\"padding: 2% 2% 2% 2%;background-position:left top;background-repeat:no-repeat;-webkit-background-size:cover;-moz-background-size:cover;-o-background-size:cover;background-size:cover;\"  data-bg-url=\"\">\n\t\t\t\t\t\t<div class=\"fusion-text\"><p>Il logo Artioli rappresenta molto pi\u00f9 di un semplice segno grafico: \u00e8 un\u2019eredit\u00e0 vivente. Ogni linea, ogni curva, custodisce una storia di tradizione, continuit\u00e0 e passione.<\/p>\n<p>Originariamente concepito come una \u201cA\u201d intrecciata con una \u201cV\u201d rovesciata, il simbolo rendeva omaggio, per volont\u00e0 del fondatore Severino Artioli, alla seconda generazione della famiglia, rappresentata da Vito Artioli, la cui visione e dedizione furono fondamentali per lo sviluppo della maison. Ma oltre a questo primo livello di significato, il logo racchiude un\u2019ulteriore profondit\u00e0 simbolica: la ripetizione della lettera \u201cA\u201d.<\/p>\n<p>Una ripetizione tutt\u2019altro che casuale. Essa riflette la forza della famiglia Artioli stessa: Andrea, e la nuova generazione composta da Alberto e Alessandro. Ogni \u201cA\u201d \u00e8 un tributo alle mani e ai cuori che continuano a plasmare il marchio, garantendo che la visione della famiglia resti intrecciata alla sua identit\u00e0.<\/p>\n<p><strong>\u00a0<\/strong><\/p>\n<h3><strong>Un Simbolo di Continuit\u00e0 ed Eccellenza<\/strong><\/h3>\n<p>Il logo Artioli \u00e8 molto pi\u00f9 di un segno distintivo: \u00e8 una promessa di permanenza.<br \/>\nRacchiude in s\u00e9:<\/p>\n<p>La continuit\u00e0, come espressione di un\u2019arte tramandata con rispetto.<br \/>\nLa passione, come dedizione viva in ogni creazione.<br \/>\nL\u2019eccellenza, come standard irrinunciabile che definisce la maison.<\/p>\n<p>Attraverso la sua simbologia, il logo diventa una dichiarazione: Artioli non \u00e8 legata dal tempo, ma arricchita da esso. Un emblema che acquisisce significato con ogni nuova generazione.<\/p>\n<p><strong>\u00a0<\/strong><\/p>\n<h3><strong>La Firma della Famiglia del Lusso<\/strong><\/h3>\n<p>Nel suo nucleo pi\u00f9 autentico, il logo Artioli \u00e8 una firma di famiglia: un sigillo di autenticit\u00e0 che connette passato, presente e futuro. \u00c8 il ponte tra l\u2019eredit\u00e0 di Vito Artioli e la visione evolutiva di Andrea, tra l\u2019innovazione portata da Alberto e Alessandro e le generazioni che verranno.<\/p>\n<p>Indossare un prodotto che porta questo emblema significa abbracciare l\u2019artigianato italiano, la profondit\u00e0 culturale e un\u2019eleganza senza tempo.<br \/>\nSignifica portare con s\u00e9 non solo un marchio, ma una tradizione viva.<\/p>\n<\/div><div class=\"fusion-clearfix\"><\/div>\n\n\t\t\t\t\t<\/div>\n\t\t\t\t<\/div><\/div><\/div><\/p>","protected":false},"excerpt":{"rendered":"","protected":false},"author":5,"featured_media":0,"parent":0,"menu_order":0,"comment_status":"closed","ping_status":"open","template":"100-width.php","meta":{"footnotes":""},"class_list":["post-4034","page","type-page","status-publish","hentry"],"_links":{"self":[{"href":"https:\/\/artioli.com\/it\/wp-json\/wp\/v2\/pages\/4034","targetHints":{"allow":["GET"]}}],"collection":[{"href":"https:\/\/artioli.com\/it\/wp-json\/wp\/v2\/pages"}],"about":[{"href":"https:\/\/artioli.com\/it\/wp-json\/wp\/v2\/types\/page"}],"author":[{"embeddable":true,"href":"https:\/\/artioli.com\/it\/wp-json\/wp\/v2\/users\/5"}],"replies":[{"embeddable":true,"href":"https:\/\/artioli.com\/it\/wp-json\/wp\/v2\/comments?post=4034"}],"version-history":[{"count":4,"href":"https:\/\/artioli.com\/it\/wp-json\/wp\/v2\/pages\/4034\/revisions"}],"predecessor-version":[{"id":4039,"href":"https:\/\/artioli.com\/it\/wp-json\/wp\/v2\/pages\/4034\/revisions\/4039"}],"wp:attachment":[{"href":"https:\/\/artioli.com\/it\/wp-json\/wp\/v2\/media?parent=4034"}],"curies":[{"name":"wp","href":"https:\/\/api.w.org\/{rel}","templated":true}]}}