{"id":4042,"date":"2025-12-30T12:15:55","date_gmt":"2025-12-30T11:15:55","guid":{"rendered":"https:\/\/artioli.com\/?page_id=4042"},"modified":"2025-12-30T12:41:00","modified_gmt":"2025-12-30T11:41:00","slug":"the-design-and-harmony-of-artioli","status":"publish","type":"page","link":"https:\/\/artioli.com\/it\/the-design-and-harmony-of-artioli\/","title":{"rendered":"Il Design e l&#8217;Armonia Artioli"},"content":{"rendered":"<p><div class=\"fusion-fullwidth fullwidth-box nonhundred-percent-fullwidth non-hundred-percent-height-scrolling fusion-equal-height-columns\"  style='background-color: #24292d;background-position: left top;background-repeat: no-repeat;padding-top:0px;padding-right:10%;padding-bottom:0px;padding-left:10%;border-top-width:0px;border-bottom-width:0px;border-color:#eae9e9;border-top-style:solid;border-bottom-style:solid;'><div class=\"fusion-builder-row fusion-row \"><div  class=\"fusion-layout-column fusion_builder_column fusion_builder_column_1_1  fusion-one-full fusion-column-first fusion-column-last 1_1\"  style='margin-top:0px;margin-bottom:0px;'>\n\t\t\t\t\t<div class=\"fusion-column-wrapper\" style=\"padding: 2% 2% 2% 2%;background-position:left top;background-repeat:no-repeat;-webkit-background-size:cover;-moz-background-size:cover;-o-background-size:cover;background-size:cover;\"  data-bg-url=\"\">\n\t\t\t\t\t\t<div class=\"fusion-text\"><h3>Il Design e l&#8217;Armonia di Artioli<\/h3>\n<p>La ricchezza dell&#8217;identit\u00e0 Artioli risiede non solo nell&#8217;eccellenza artigianale e nella profonda eredit\u00e0 familiare, ma anche nella geometria simbolica che definisce il suo universo estetico. Esagoni, ottagoni e linee raffinate sono elementi centrali del linguaggio visivo del marchio, capaci di conferire armonia, profondit\u00e0 e distinzione a ogni creazione. Le linee, le proporzioni e le forme uniche sono ci\u00f2 che rende Artioli immediatamente riconoscibile nel mondo del lusso italiano.<\/p>\n<p>Questa filosofia si estende con coerenza all&#8217;intera collezione. Dalle scarpe classiche e dalle sneaker pulite ai morbidi mocassini, gli stivali strutturati e i sandali eleganti, ogni calzatura Artioli \u00e8 uno studio di proporzioni bilanciate. Borse, cinture, portafogli e giacche seguono lo stesso principio: un design moderno ed elegante nasce dallo studio meticoloso delle linee e delle strutture, abbinato al comfort ineguagliabile che deriva dalle pelli pi\u00f9 morbide e pregiate al mondo. \u00c8 il punto d&#8217;incontro tra forma scultorea e sensazione sublime.<\/p>\n<p>Queste forme geometriche non sono semplici dettagli decorativi. Racchiudono un senso di equilibrio, ordine e proporzione senza tempo. Quando Artioli le integra negli accessori, dalle piccole targhe metalliche al celebre porta profumo, ogni oggetto supera la propria funzione pratica per trasformarsi in un&#8217;espressione scultorea dell&#8217;eleganza italiana, pensata per essere vissuta e custodita.<\/p>\n<h3>Struttura, Armonia ed Esclusivit\u00e0 Moderna<\/h3>\n<p>Esagoni e ottagoni evocano una chiarezza che richiama l&#8217;architettura. La loro geometria riflette l&#8217;armonia presente nell&#8217;arte classica, nelle strutture naturali e nella perfezione matematica. Nel design Artioli queste forme creano un dialogo tra tradizione e modernit\u00e0.<\/p>\n<p>Rendono omaggio alla tradizione, richiamando figure che hanno ispirato secoli di arte e architettura italiana.<br \/>\nInterpretano la modernit\u00e0 attraverso una sensibilit\u00e0 scultorea e linee pulite, insieme innovative ed eterne.<br \/>\nEsprimono esclusivit\u00e0, perch\u00e9 ogni dettaglio geometrico, anche il pi\u00f9 discreto, contribuisce a quella sensazione di rarit\u00e0 e intelligenza raffinata che caratterizza il marchio.<\/p>\n<h3>Un Marchio di Lusso Discreto<\/h3>\n<p>Artioli si distingue per la capacit\u00e0 di attribuire un significato profondo ai dettagli. Una placchetta geometrica, una cucitura precisa, una sagoma perfettamente calibrata diventano frammenti di un racconto pi\u00f9 ampio, in cui l&#8217;eleganza non ha bisogno di clamore per essere compresa. Nel mondo Artioli la geometria non \u00e8 solo estetica. \u00c8 un linguaggio. Afferma che la vera bellezza risiede nella struttura armoniosa e che tale bellezza \u00e8 senza tempo.<\/p>\n<p>Qui, ogni elemento, dalla curva di un mocassino all&#8217;angolo della fibbia di una borsa, \u00e8 simbolo di un lusso consapevole, trasformando ogni creazione in un&#8217;espressione duratura di identit\u00e0, cultura e dell&#8217;essenza senza tempo della sofisticazione italiana.<\/p>\n<\/div><div class=\"fusion-clearfix\"><\/div>\n\n\t\t\t\t\t<\/div>\n\t\t\t\t<\/div><\/div><\/div><\/p>","protected":false},"excerpt":{"rendered":"","protected":false},"author":5,"featured_media":0,"parent":0,"menu_order":0,"comment_status":"closed","ping_status":"open","template":"100-width.php","meta":{"footnotes":""},"class_list":["post-4042","page","type-page","status-publish","hentry"],"_links":{"self":[{"href":"https:\/\/artioli.com\/it\/wp-json\/wp\/v2\/pages\/4042","targetHints":{"allow":["GET"]}}],"collection":[{"href":"https:\/\/artioli.com\/it\/wp-json\/wp\/v2\/pages"}],"about":[{"href":"https:\/\/artioli.com\/it\/wp-json\/wp\/v2\/types\/page"}],"author":[{"embeddable":true,"href":"https:\/\/artioli.com\/it\/wp-json\/wp\/v2\/users\/5"}],"replies":[{"embeddable":true,"href":"https:\/\/artioli.com\/it\/wp-json\/wp\/v2\/comments?post=4042"}],"version-history":[{"count":4,"href":"https:\/\/artioli.com\/it\/wp-json\/wp\/v2\/pages\/4042\/revisions"}],"predecessor-version":[{"id":4047,"href":"https:\/\/artioli.com\/it\/wp-json\/wp\/v2\/pages\/4042\/revisions\/4047"}],"wp:attachment":[{"href":"https:\/\/artioli.com\/it\/wp-json\/wp\/v2\/media?parent=4042"}],"curies":[{"name":"wp","href":"https:\/\/api.w.org\/{rel}","templated":true}]}}