{"id":4106,"date":"2026-02-09T11:33:49","date_gmt":"2026-02-09T10:33:49","guid":{"rendered":"https:\/\/artioli.com\/?page_id=4106"},"modified":"2026-02-09T11:35:49","modified_gmt":"2026-02-09T10:35:49","slug":"made-in-italy","status":"publish","type":"page","link":"https:\/\/artioli.com\/it\/made-in-italy\/","title":{"rendered":"Made in Italy"},"content":{"rendered":"<p><div class=\"fusion-fullwidth fullwidth-box nonhundred-percent-fullwidth non-hundred-percent-height-scrolling fusion-equal-height-columns\"  style='background-color: #24292d;background-position: left top;background-repeat: no-repeat;padding-top:0px;padding-right:10%;padding-bottom:0px;padding-left:10%;border-top-width:0px;border-bottom-width:0px;border-color:#eae9e9;border-top-style:solid;border-bottom-style:solid;'><div class=\"fusion-builder-row fusion-row \"><div  class=\"fusion-layout-column fusion_builder_column fusion_builder_column_1_1  fusion-one-full fusion-column-first fusion-column-last 1_1\"  style='margin-top:0px;margin-bottom:0px;'>\n\t\t\t\t\t<div class=\"fusion-column-wrapper\" style=\"padding: 2% 2% 2% 2%;background-position:left top;background-repeat:no-repeat;-webkit-background-size:cover;-moz-background-size:cover;-o-background-size:cover;background-size:cover;\"  data-bg-url=\"\">\n\t\t\t\t\t\t<div class=\"fusion-text\"><h3>Artioli, Storico Marchio di Lusso Made in Italy<\/h3>\n<p>Artioli \u00e8 un marchio Made in Italy di alta moda, specializzato in scarpe e pelletteria di lusso, quasi interamente dedicato all\u2019uomo. Da oltre quattro generazioni, Artioli realizza creazioni di qualit\u00e0 incomparabile, autentiche opere d\u2019arte pensate per essere indossate con orgoglio, sicurezza e prestigio. Ogni paio di scarpe e ogni creazione in pelle rappresentano un simbolo di raffinatezza e una profonda espressione della cultura dello stile italiano.<\/p>\n<p>Chi si chiede quale sia il marchio di scarpe di pi\u00f9 alta qualit\u00e0 trova la risposta nell\u2019equilibrio tra artigianalit\u00e0, materiali eccellenti e una tradizione costruita nel tempo. Questi valori definiscono Artioli e ne affermano il ruolo tra le massime espressioni della calzatura di lusso Made in Italy.<\/p>\n<p>Nel suo cuore, Artioli \u00e8 molto pi\u00f9 di un brand di lusso. \u00c8 una celebrazione della cultura italiana, della bellezza e dello stile di vita, dove artigianalit\u00e0 ed eleganza si incontrano. Il marchio interpreta il Made in Italy non solo come garanzia di qualit\u00e0 superiore, ma come espressione autentica di heritage, arte e sofisticazione senza tempo.<\/p>\n<p>Quando si domanda perch\u00e9 le scarpe italiane siano considerate tra le migliori al mondo, la risposta risiede in marchi come Artioli, dove il sapere artigiano, la tradizione e l\u2019identit\u00e0 culturale sono parte integrante di ogni creazione.<\/p>\n<p>Rimanendo profondamente legato alle proprie origini italiane, Artioli dialoga naturalmente con un pubblico internazionale che riconosce il vero valore del lusso e della massima qualit\u00e0. Le sue creazioni sono scelte da chi comprende che l\u2019eccellenza nasce dall\u2019autenticit\u00e0, da oggetti plasmati dalla storia, realizzati dalla mano dell\u2019uomo e carichi di significato.<\/p>\n<p>Ogni creazione Artioli riflette un equilibrio preciso tra tradizione e raffinatezza contemporanea. Il saper fare italiano si unisce a un\u2019eleganza moderna, permettendo a scarpe e capi in pelle di mantenere un\u2019identit\u00e0 fortemente italiana, pur parlando un linguaggio universale.<\/p>\n<p>La cultura di Artioli \u00e8 indissolubilmente legata alla sua eredit\u00e0 familiare e alla dedizione assoluta all\u2019artigianalit\u00e0. Guidato da valori tramandati di generazione in generazione, il marchio resta fedele all\u2019eccellenza, all\u2019autenticit\u00e0 e alla maestria artigiana, definendo standard qualitativi di riferimento nel panorama del lusso.<\/p>\n<p>Per Artioli, Made in Italy non \u00e8 una semplice indicazione geografica. \u00c8 una promessa di qualit\u00e0 superiore, ricchezza culturale e design destinato a durare nel tempo. Scegliere Artioli significa scegliere un frammento di storia italiana, in cui eleganza, integrit\u00e0 e tradizione prendono forma attraverso scarpe e pelletteria di altissimo livello.<\/p>\n<p>Artioli non segue le mode. Costruisce un\u2019eredit\u00e0. Per chi ricerca autenticit\u00e0, raffinatezza e profondit\u00e0 culturale, il marchio offre pi\u00f9 del lusso. Offre qualcosa da indossare, vivere e tramandare.<\/p>\n<\/div><div class=\"fusion-clearfix\"><\/div>\n\n\t\t\t\t\t<\/div>\n\t\t\t\t<\/div><\/div><\/div><\/p>","protected":false},"excerpt":{"rendered":"","protected":false},"author":5,"featured_media":0,"parent":0,"menu_order":0,"comment_status":"closed","ping_status":"open","template":"100-width.php","meta":{"footnotes":""},"class_list":["post-4106","page","type-page","status-publish","hentry"],"_links":{"self":[{"href":"https:\/\/artioli.com\/it\/wp-json\/wp\/v2\/pages\/4106","targetHints":{"allow":["GET"]}}],"collection":[{"href":"https:\/\/artioli.com\/it\/wp-json\/wp\/v2\/pages"}],"about":[{"href":"https:\/\/artioli.com\/it\/wp-json\/wp\/v2\/types\/page"}],"author":[{"embeddable":true,"href":"https:\/\/artioli.com\/it\/wp-json\/wp\/v2\/users\/5"}],"replies":[{"embeddable":true,"href":"https:\/\/artioli.com\/it\/wp-json\/wp\/v2\/comments?post=4106"}],"version-history":[{"count":2,"href":"https:\/\/artioli.com\/it\/wp-json\/wp\/v2\/pages\/4106\/revisions"}],"predecessor-version":[{"id":4109,"href":"https:\/\/artioli.com\/it\/wp-json\/wp\/v2\/pages\/4106\/revisions\/4109"}],"wp:attachment":[{"href":"https:\/\/artioli.com\/it\/wp-json\/wp\/v2\/media?parent=4106"}],"curies":[{"name":"wp","href":"https:\/\/api.w.org\/{rel}","templated":true}]}}